{"id":1,"date":"2019-05-10T09:37:28","date_gmt":"2019-05-10T09:37:28","guid":{"rendered":"https:\/\/www.goebel-ob.de\/?page_id=1"},"modified":"2025-12-27T14:44:23","modified_gmt":"2025-12-27T14:44:23","slug":"home","status":"publish","type":"page","link":"https:\/\/www.goebel-ob.de\/","title":{"rendered":"Home"},"content":{"rendered":"<h2><span>Wir begleiten Menschen und Institutionen<\/span><\/h2>\n<div>\n<h2>G\u00f6bel Organisationsberatung <\/h2>\n<div>\n<p><span>Respektvolles, kooperatives aber auch konsequentes Handeln im beruflichen Kontext ist entscheidend f\u00fcr erfolgreiches Agieren im Markt. Es schafft ein positives Arbeitsklima, f\u00f6rdert Vertrauen und erm\u00f6glicht effizientes Arbeiten im Team.\u00a0<br \/>Das merken die Kunden. Im Alltag genauso wie in Krisensituationen.<\/span><\/p>\n<p><span>Wir stehen f\u00fcr einen Umgang miteinander, der durch faire Kommunikation, einen akzeptierten Wertekanon sowie ein gemeinsames Streben nach Entwicklung gepr\u00e4gt ist. <br \/>Wert sch\u00f6pfen &amp; Werte leben, durch respektvollen, zielorientierten Umgang miteinander! <\/span><span><\/span><\/p>\n<\/div>\n<\/div>\n<ul>\n<li>\n<h3>Ver\u00e4nderungsmanagement<\/h3>\n<div>\n<p><span>Begleitung in Transformationssituationen<\/span><span><\/span><\/p>\n<\/div>\n<p><a href=\"\/?page_id=2105\">mehr dazu<\/a><\/p>\n<\/li>\n<li>\n<h3>Qualifizierung\/Training<\/h3>\n<div>\n<p><span>Personal- &amp; F\u00fchrungskr\u00e4fte-Entwicklung <\/span><span><\/span><\/p>\n<\/div>\n<p><a href=\"\/?page_id=2106\">mehr dazu<\/a><\/p>\n<\/li>\n<li>\n<h3>Workshopmoderation<\/h3>\n<div>\n<p><span>Moderation von (schwierigen) Workshops &amp; Klausuren<\/span><span><\/span><\/p>\n<\/div>\n<p><a href=\"\/?page_id=2107\">mehr dazu<\/a><\/p>\n<\/li>\n<li>\n<h3>Coaching &#038; Mentoring<\/h3>\n<div>\n<p><span>Begleitung bei der pers\u00f6nlichen Entfaltung bzw. Entwicklung<\/span><span><\/span><\/p>\n<\/div>\n<p><a href=\"\/?page_id=2108\">mehr dazu<\/a><\/p>\n<\/li>\n<\/ul>\n<h2>Weggef\u00e4hrten:innen<\/h2>\n<ul>\n<li>\n<p>        <img decoding=\"async\" src=\"\/wp-content\/uploads\/2025\/12\/sw-ue-partner_0007_commcom_logo_weiss.jpg\" alt=\"\"><\/p>\n<h3>CommCom-Unternehmensberatung<\/h3>\n<p><a href=\"https:\/\/www.commcom.de\"><\/a><\/p>\n<\/li>\n<li>\n<p>        <img decoding=\"async\" src=\"\/wp-content\/uploads\/2025\/12\/sw-ue-partner_0001_logo.jpg\" alt=\"\"><\/p>\n<h3>MALORG GmbH<\/h3>\n<p><a href=\"https:\/\/www.malorg.de\"><\/a><\/p>\n<\/li>\n<li>\n<p>        <img decoding=\"async\" src=\"\/wp-content\/uploads\/2025\/12\/sw-ue-partner_0002_logo-sidebar.jpg\" alt=\"\"><\/p>\n<h3>k\u00f6hler consulting<\/h3>\n<p><a href=\"https:\/\/koehler-consulting.com\"><\/a><\/p>\n<\/li>\n<li>\n<p>        <img decoding=\"async\" src=\"\/wp-content\/uploads\/2025\/12\/sw-ue-partner_0006_fomm.jpg\" alt=\"\"><\/p>\n<h3>SYNERGY CONSULTANTS CRM + PROZESSE GMBH<\/h3>\n<p><a href=\"https:\/\/www.synergyconsultants.de\"><\/a><\/p>\n<\/li>\n<li>\n<p>        <img decoding=\"async\" src=\"\/wp-content\/uploads\/2025\/12\/partner-instart.jpg\" alt=\"\"><\/p>\n<h3>INSTART Consult GmbH<\/h3>\n<p><a href=\"https:\/\/instartconsult.de\"><\/a><\/p>\n<\/li>\n<li>\n<p>        <img decoding=\"async\" src=\"\/wp-content\/uploads\/2025\/12\/sw-ue-partner_0003_logo_big-1.jpg\" alt=\"\"><\/p>\n<h3>BLINNE consult<\/h3>\n<p><a href=\"https:\/\/www.blinne-consult.de\"><\/a><\/p>\n<\/li>\n<\/ul>\n<p><!--more--><br \/>\n<!-- {\"type\":\"layout\",\"children\":[{\"name\":\"Hero\",\"type\":\"section\",\"props\":{\"height\":\"pixels\",\"height_offset_top\":true,\"height_viewport\":400,\"image\":\"wp-content\\\/uploads\\\/2025\\\/12\\\/team.png\",\"image_effect\":\"parallax\",\"image_loading\":true,\"image_parallax_bgy\":\"70,0\",\"image_parallax_breakpoint\":\"m\",\"image_parallax_easing\":\"1\",\"image_position\":\"bottom-right\",\"image_size\":\"contain\",\"media_background\":\"#F1F1F1\",\"media_visibility\":\"m\",\"overlap\":false,\"padding\":\"small\",\"padding_remove_bottom\":false,\"padding_remove_top\":false,\"style\":\"default\",\"title_breakpoint\":\"xl\",\"title_position\":\"top-left\",\"title_rotation\":\"left\",\"vertical_align\":\"middle\",\"width\":\"default\"},\"children\":[{\"type\":\"row\",\"props\":{\"column_gap\":\"small\",\"divider\":false,\"margin\":\"large\",\"row_gap\":\"small\",\"width\":\"expand\"},\"children\":[{\"type\":\"column\",\"props\":{\"image_position\":\"center-center\",\"image_size\":\"cover\",\"position_sticky_breakpoint\":\"m\",\"width_medium\":\"1-1\"},\"children\":[{\"type\":\"headline\",\"props\":{\"animation\":\"parallax\",\"content\":\"<span>Wir begleiten Menschen und Institutionen<\\\/span>\",\"margin\":\"small\",\"margin_remove_bottom\":false,\"margin_remove_top\":false,\"maxwidth\":\"large\",\"parallax_breakpoint\":\"s\",\"parallax_easing\":\"1\",\"parallax_y\":\"0,-50\",\"position\":\"relative\",\"position_top\":\"20\",\"text_align\":\"left\",\"title_element\":\"h2\",\"title_style\":\"heading-small\"}}]}]}]},{\"name\":\"Services\",\"type\":\"section\",\"props\":{\"animation\":\"slide-left-medium\",\"image_position\":\"center-center\",\"image_size\":\"cover\",\"padding\":\"large\",\"style\":\"muted\",\"title_breakpoint\":\"xl\",\"title_position\":\"top-left\",\"title_rotation\":\"left\",\"vertical_align\":\"\",\"width\":\"default\"},\"children\":[{\"type\":\"row\",\"props\":{\"column_gap\":\"large\",\"layout\":\"large,expand\",\"row_gap\":\"large\"},\"children\":[{\"type\":\"column\",\"props\":{\"image_position\":\"center-center\",\"position_sticky_breakpoint\":\"m\",\"vertical_align\":\"middle\",\"width_large\":\"xlarge\",\"width_medium\":\"large\"},\"children\":[{\"type\":\"panel\",\"props\":{\"content\":\"\n\n<p><span>Respektvolles, kooperatives aber auch konsequentes Handeln im beruflichen Kontext ist entscheidend f\\u00fcr erfolgreiches Agieren im Markt. Es schafft ein positives Arbeitsklima, f\\u00f6rdert Vertrauen und erm\\u00f6glicht effizientes Arbeiten im Team.\\u00a0<br \\\/>Das merken die Kunden. Im Alltag genauso wie in Krisensituationen.<\\\/span><\\\/p>\\n\n\n<p><span>Wir stehen f\\u00fcr einen Umgang miteinander, der durch faire Kommunikation, einen akzeptierten Wertekanon sowie ein gemeinsames Streben nach Entwicklung gepr\\u00e4gt ist. <br \\\/>Wert sch\\u00f6pfen &amp; Werte leben, durch respektvollen, zielorientierten Umgang miteinander! <\\\/span><span><\\\/span><\\\/p>\",\"content_column_breakpoint\":\"m\",\"icon_width\":80,\"image_align\":\"top\",\"image_grid_breakpoint\":\"m\",\"image_grid_width\":\"1-2\",\"image_svg_color\":\"emphasis\",\"link_margin\":\"large\",\"link_style\":\"text\",\"link_target\":false,\"link_text\":\"See in detail\",\"margin\":\"default\",\"meta\":\"\",\"meta_align\":\"above-title\",\"meta_color\":\"primary\",\"meta_element\":\"div\",\"meta_style\":\"h6\",\"panel_padding\":\"large\",\"panel_style\":\"card-default\",\"text_align\":\"left\",\"title\":\"G\\u00f6bel Organisationsberatung \",\"title_align\":\"top\",\"title_element\":\"h2\",\"title_grid_breakpoint\":\"m\",\"title_grid_width\":\"1-2\",\"title_hover_style\":\"reset\",\"title_style\":\"h2\"}}]},{\"type\":\"column\",\"props\":{\"image_position\":\"center-center\",\"position_sticky_breakpoint\":\"m\",\"vertical_align\":\"middle\",\"width_medium\":\"expand\"},\"children\":[{\"type\":\"grid\",\"props\":{\"content_column_breakpoint\":\"m\",\"filter_align\":\"left\",\"filter_all\":true,\"filter_grid_breakpoint\":\"m\",\"filter_grid_width\":\"auto\",\"filter_position\":\"top\",\"filter_style\":\"tab\",\"grid_column_gap\":\"large\",\"grid_default\":\"1\",\"grid_medium\":\"\",\"grid_row_gap\":\"large\",\"grid_small\":\"2\",\"icon_width\":80,\"image_align\":\"top\",\"image_grid_breakpoint\":\"m\",\"image_grid_width\":\"1-2\",\"image_svg_animate\":true,\"image_svg_color\":\"muted\",\"image_svg_inline\":true,\"item_animation\":true,\"lightbox_bg_close\":true,\"link_size\":\"small\",\"link_style\":\"primary\",\"link_text\":\"mehr dazu\",\"margin\":\"medium\",\"meta_align\":\"below-title\",\"meta_element\":\"div\",\"meta_style\":\"text-meta\",\"parallax_easing\":\"1\",\"show_content\":true,\"show_hover_image\":true,\"show_hover_video\":true,\"show_image\":true,\"show_link\":true,\"show_meta\":true,\"show_title\":true,\"show_video\":true,\"text_align\":\"left\",\"title_align\":\"top\",\"title_element\":\"h3\",\"title_grid_breakpoint\":\"m\",\"title_grid_width\":\"1-2\",\"title_hover_style\":\"reset\",\"title_style\":\"h4\"},\"children\":[{\"type\":\"grid_item\",\"props\":{\"content\":\"\n\n<p><span>Begleitung in Transformationssituationen<\\\/span><span><\\\/span><\\\/p>\",\"icon\":\"link-external\",\"image\":\"\",\"link\":\"?page_id=2105\",\"title\":\"Ver\\u00e4nderungsmanagement\"}},{\"type\":\"grid_item\",\"props\":{\"content\":\"\n\n<p><span>Personal- &amp; F\\u00fchrungskr\\u00e4fte-Entwicklung <\\\/span><span><\\\/span><\\\/p>\",\"icon\":\"crosshairs\",\"image\":\"\",\"link\":\"?page_id=2106\",\"title\":\"Qualifizierung\\\/Training\"}},{\"type\":\"grid_item\",\"props\":{\"content\":\"\n\n<p><span>Moderation von (schwierigen) Workshops &amp; Klausuren<\\\/span><span><\\\/span><\\\/p>\",\"icon\":\"comments\",\"image\":\"\",\"link\":\"?page_id=2107\",\"title\":\"Workshopmoderation\"}},{\"type\":\"grid_item\",\"props\":{\"content\":\"\n\n<p><span>Begleitung bei der pers\\u00f6nlichen Entfaltung bzw. Entwicklung<\\\/span><span><\\\/span><\\\/p>\",\"icon\":\"users\",\"image\":\"\",\"link\":\"?page_id=2108\",\"title\":\"Coaching & Mentoring\"}}]}]}]}]},{\"name\":\"Customers\",\"type\":\"section\",\"props\":{\"animation\":\"slide-bottom-small\",\"animation_delay\":false,\"class\":\"tm-section-box-shadow\",\"css\":\".el-section {\\n\\tposition: relative;\\n\\tbox-shadow: 0 0 35px rgba(0,0,0,0.04);\\n}\",\"image_position\":\"center-center\",\"image_size\":\"cover\",\"padding\":\"small\",\"style\":\"default\",\"title_breakpoint\":\"xl\",\"title_position\":\"top-left\",\"title_rotation\":\"left\",\"vertical_align\":\"\",\"width\":\"default\"},\"children\":[{\"type\":\"row\",\"props\":{\"layout\":\"1-4,3-4\"},\"children\":[{\"type\":\"column\",\"props\":{\"image_position\":\"center-center\",\"position_sticky_breakpoint\":\"m\",\"vertical_align\":\"middle\",\"width_medium\":\"1-4\"},\"children\":[{\"type\":\"headline\",\"props\":{\"content\":\"Weggef\\u00e4hrten:innen\",\"text_align\":\"left\",\"text_align_breakpoint\":\"l\",\"text_align_fallback\":\"center\",\"title_color\":\"primary\",\"title_element\":\"h2\",\"title_style\":\"h6\"}}]},{\"type\":\"column\",\"props\":{\"image_position\":\"center-center\",\"position_sticky_breakpoint\":\"m\",\"vertical_align\":\"middle\",\"width_medium\":\"3-4\"},\"children\":[{\"type\":\"grid\",\"props\":{\"content_column_breakpoint\":\"m\",\"filter_align\":\"left\",\"filter_all\":true,\"filter_grid_breakpoint\":\"m\",\"filter_grid_width\":\"auto\",\"filter_position\":\"top\",\"filter_style\":\"tab\",\"grid_default\":\"1\",\"grid_medium\":\"\",\"grid_small\":\"6\",\"icon_width\":80,\"image_align\":\"top\",\"image_grid_breakpoint\":\"m\",\"image_grid_width\":\"1-2\",\"image_link\":true,\"image_svg_color\":\"emphasis\",\"item_animation\":true,\"lightbox_bg_close\":true,\"link_style\":\"default\",\"link_text\":\"\",\"margin\":\"default\",\"meta_align\":\"below-title\",\"meta_element\":\"div\",\"meta_style\":\"text-meta\",\"parallax_easing\":\"1\",\"show_content\":true,\"show_hover_image\":true,\"show_hover_video\":true,\"show_image\":true,\"show_link\":true,\"show_meta\":true,\"show_title\":false,\"show_video\":true,\"text_align\":\"center\",\"title_align\":\"top\",\"title_element\":\"h3\",\"title_grid_breakpoint\":\"m\",\"title_grid_width\":\"1-2\",\"title_hover_style\":\"reset\",\"title_link\":true},\"children\":[{\"type\":\"grid_item\",\"props\":{\"content\":\"\",\"image\":\"wp-content\\\/uploads\\\/2025\\\/12\\\/sw-ue-partner_0007_commcom_logo_weiss.jpg\",\"link\":\"https:\\\/\\\/www.commcom.de\",\"title\":\"CommCom-Unternehmensberatung\"}},{\"type\":\"grid_item\",\"props\":{\"content\":\"\",\"image\":\"wp-content\\\/uploads\\\/2025\\\/12\\\/sw-ue-partner_0001_logo.jpg\",\"link\":\"https:\\\/\\\/www.malorg.de\",\"title\":\"MALORG GmbH\"}},{\"type\":\"grid_item\",\"props\":{\"content\":\"\",\"image\":\"wp-content\\\/uploads\\\/2025\\\/12\\\/sw-ue-partner_0002_logo-sidebar.jpg\",\"link\":\"https:\\\/\\\/koehler-consulting.com\",\"title\":\"k\\u00f6hler consulting\"}},{\"type\":\"grid_item\",\"props\":{\"content\":\"\",\"image\":\"wp-content\\\/uploads\\\/2025\\\/12\\\/sw-ue-partner_0006_fomm.jpg\",\"link\":\"https:\\\/\\\/www.synergyconsultants.de\",\"title\":\"SYNERGY CONSULTANTS CRM + PROZESSE GMBH\"}},{\"type\":\"grid_item\",\"props\":{\"content\":\"\",\"image\":\"wp-content\\\/uploads\\\/2025\\\/12\\\/partner-instart.jpg\",\"link\":\"https:\\\/\\\/instartconsult.de\",\"title\":\"INSTART Consult GmbH\"}},{\"type\":\"grid_item\",\"props\":{\"content\":\"\",\"image\":\"wp-content\\\/uploads\\\/2025\\\/12\\\/sw-ue-partner_0003_logo_big-1.jpg\",\"link\":\"https:\\\/\\\/www.blinne-consult.de\",\"title\":\"BLINNE consult\"}}]}]}]}]}],\"version\":\"4.5.33\"} --><\/p>\n","protected":false},"excerpt":{"rendered":"<p>Wir begleiten Menschen und Institutionen G\u00f6bel Organisationsberatung Respektvolles, kooperatives aber auch konsequentes Handeln im beruflichen Kontext ist entscheidend f\u00fcr erfolgreiches Agieren im Markt. Es schafft ein positives Arbeitsklima, f\u00f6rdert Vertrauen und erm\u00f6glicht effizientes Arbeiten im Team.\u00a0Das merken die Kunden. Im Alltag genauso wie in Krisensituationen. Wir stehen f\u00fcr einen Umgang miteinander, der durch faire Kommunikation, [&hellip;]<\/p>\n","protected":false},"author":1,"featured_media":0,"parent":0,"menu_order":6,"comment_status":"closed","ping_status":"closed","template":"","meta":{"_acf_changed":false,"footnotes":""},"class_list":["post-1","page","type-page","status-publish","hentry"],"acf":[],"_links":{"self":[{"href":"https:\/\/www.goebel-ob.de\/index.php?rest_route=\/wp\/v2\/pages\/1","targetHints":{"allow":["GET"]}}],"collection":[{"href":"https:\/\/www.goebel-ob.de\/index.php?rest_route=\/wp\/v2\/pages"}],"about":[{"href":"https:\/\/www.goebel-ob.de\/index.php?rest_route=\/wp\/v2\/types\/page"}],"author":[{"embeddable":true,"href":"https:\/\/www.goebel-ob.de\/index.php?rest_route=\/wp\/v2\/users\/1"}],"replies":[{"embeddable":true,"href":"https:\/\/www.goebel-ob.de\/index.php?rest_route=%2Fwp%2Fv2%2Fcomments&post=1"}],"version-history":[{"count":82,"href":"https:\/\/www.goebel-ob.de\/index.php?rest_route=\/wp\/v2\/pages\/1\/revisions"}],"predecessor-version":[{"id":2333,"href":"https:\/\/www.goebel-ob.de\/index.php?rest_route=\/wp\/v2\/pages\/1\/revisions\/2333"}],"wp:attachment":[{"href":"https:\/\/www.goebel-ob.de\/index.php?rest_route=%2Fwp%2Fv2%2Fmedia&parent=1"}],"curies":[{"name":"wp","href":"https:\/\/api.w.org\/{rel}","templated":true}]}}