{"id":2105,"date":"2025-12-11T21:22:18","date_gmt":"2025-12-11T21:22:18","guid":{"rendered":"https:\/\/www.goebel-ob.de\/?page_id=2105"},"modified":"2025-12-27T13:31:37","modified_gmt":"2025-12-27T13:31:37","slug":"veranderungsmanagement","status":"publish","type":"page","link":"https:\/\/www.goebel-ob.de\/?page_id=2105","title":{"rendered":"Ver\u00e4nderungsmanagement"},"content":{"rendered":"<h2>Begleitung in Transformationssituationen<\/h2>\n<div>\n<p>Systemische Ver\u00e4nderungsarbeit bindet von Anfang an alle ein, die eingebunden werden m\u00fcssen, damit die Ver\u00e4nderung ein Erfolg wird. Wir begleiten den \u201cHuman Change\u201c und stellen sicher, dass alle im Boot sind! Ver\u00e4nderung zu gestalten hei\u00dft, alle mitzunehmen, die mitgenommen werden m\u00fcssen! Dabei gehen wir in vier Phasen vor:<\/p>\n<\/div>\n<div>\n<h3>Konzeption<\/h3>\n<p>Entscheider:innen<\/p>\n<div>\n<p><span>Das Ziel ist definiert<br \/><\/span><span>Der Erfolgsfall ist beschrieben und der Weg dahin gemeinsam entwickelt.<\/span><\/p>\n<\/div>\n<\/div>\n<p>[arrow-down]<\/p>\n<div>\n<h3>Start<\/h3>\n<p>1. Ebene<\/p>\n<div>\n<p><span>Die <\/span><span>Tr\u00e4ger:innen<\/span><span> des Ver\u00e4nderungsprozesses sind gewonnen und auf ihre Rolle vorbereitet.<\/span><\/p>\n<\/div>\n<\/div>\n<p>[arrow-down]<\/p>\n<div>\n<h3>Mobilisierung<\/h3>\n<p>Basis<\/p>\n<div>\n<p><span>Die Zielgruppe ist aktiviert, ihre Energie ist freigesetzt und die Ver\u00e4nderungspotentiale sind auf das Gesamtziel hin ausgerichtet. <\/span><\/p>\n<\/div>\n<\/div>\n<p>[arrow-down]<\/p>\n<div>\n<h3>Umsetzung &#038; Absicherung<\/h3>\n<p>Alle<\/p>\n<div>\n<p><span>Die Ideen der Basis sind ausgewertet. <br \/>Die Umsetzungsschritte sind erarbeitet.<br \/><\/span><span>Sie werden schnell sicht- und f\u00fchlbar umgesetzt.<\/span><\/p>\n<\/div>\n<\/div>\n<p><!--more--><br \/>\n<!-- {\"type\":\"layout\",\"children\":[{\"name\":\"Product description\",\"type\":\"section\",\"props\":{\"animation\":\"slide-bottom-small\",\"image_position\":\"center-center\",\"image_size\":\"cover\",\"padding\":\"large\",\"style\":\"default\",\"title_breakpoint\":\"xl\",\"title_position\":\"top-left\",\"title_rotation\":\"left\",\"vertical_align\":\"\",\"width\":\"default\"},\"children\":[{\"type\":\"row\",\"props\":{\"column_gap\":\"large\",\"divider\":true,\"layout\":\"1-2,1-2\",\"row_gap\":\"large\"},\"children\":[{\"type\":\"column\",\"props\":{\"image_position\":\"center-center\",\"position_sticky_breakpoint\":\"m\",\"width_medium\":\"1-2\"},\"children\":[{\"type\":\"headline\",\"props\":{\"content\":\"Begleitung in Transformationssituationen\",\"title_element\":\"h2\",\"title_style\":\"h1\"}},{\"type\":\"divider\",\"props\":{\"divider_element\":\"div\",\"divider_style\":\"small\"}},{\"type\":\"text\",\"props\":{\"column_breakpoint\":\"m\",\"content\":\"\n\n<p>Systemische Ver\\u00e4nderungsarbeit bindet von Anfang an alle ein, die eingebunden werden m\\u00fcssen, damit die Ver\\u00e4nderung ein Erfolg wird. Wir begleiten den \\u201cHuman Change\\u201c und stellen sicher, dass alle im Boot sind! Ver\\u00e4nderung zu gestalten hei\\u00dft, alle mitzunehmen, die mitgenommen werden m\\u00fcssen! Dabei gehen wir in vier Phasen vor:<\\\/p>\",\"margin\":\"medium\"}}]},{\"type\":\"column\",\"props\":{\"image_position\":\"center-center\",\"position_sticky_breakpoint\":\"m\",\"width_medium\":\"1-2\"},\"children\":[{\"name\":\"Panel Style Card Primary\",\"type\":\"panel\",\"props\":{\"block_align\":\"center\",\"content\":\"\n\n<p><span>Das Ziel ist definiert<br \\\/><\\\/span><span>Der Erfolgsfall ist beschrieben und der Weg dahin gemeinsam entwickelt.<\\\/span><\\\/p>\",\"content_column_breakpoint\":\"m\",\"content_margin\":\"small\",\"icon_width\":80,\"image\":\"\",\"image_align\":\"top\",\"image_grid_breakpoint\":\"m\",\"image_grid_width\":\"1-2\",\"image_height\":\"50\",\"image_svg_color\":\"emphasis\",\"image_svg_inline\":true,\"image_width\":\"50\",\"link_style\":\"default\",\"link_text\":\"Read more\",\"margin\":\"default\",\"meta\":\"Entscheider:innen\",\"meta_align\":\"above-title\",\"meta_color\":\"primary\",\"meta_element\":\"div\",\"meta_style\":\"text-meta\",\"panel_card_image\":false,\"panel_padding\":\"default\",\"panel_style\":\"tile-muted\",\"title\":\"Konzeption\",\"title_align\":\"top\",\"title_element\":\"h3\",\"title_grid_breakpoint\":\"m\",\"title_grid_width\":\"1-2\",\"title_hover_style\":\"reset\"}},{\"type\":\"icon\",\"props\":{\"icon\":\"arrow-down\",\"icon_width\":60,\"margin\":\"default\"}},{\"name\":\"Panel Style Card Primary\",\"type\":\"panel\",\"props\":{\"block_align\":\"center\",\"content\":\"\n\n<p><span>Die <\\\/span><span>Tr\\u00e4ger:innen<\\\/span><span> des Ver\\u00e4nderungsprozesses sind gewonnen und auf ihre Rolle vorbereitet.<\\\/span><\\\/p>\",\"content_column_breakpoint\":\"m\",\"content_margin\":\"small\",\"icon_width\":80,\"image\":\"\",\"image_align\":\"top\",\"image_grid_breakpoint\":\"m\",\"image_grid_width\":\"1-2\",\"image_height\":\"50\",\"image_svg_color\":\"emphasis\",\"image_svg_inline\":true,\"image_width\":\"50\",\"link_style\":\"default\",\"link_text\":\"Read more\",\"margin\":\"default\",\"meta\":\"1. Ebene\",\"meta_align\":\"above-title\",\"meta_color\":\"primary\",\"meta_element\":\"div\",\"meta_style\":\"text-meta\",\"panel_card_image\":false,\"panel_padding\":\"default\",\"panel_style\":\"tile-muted\",\"title\":\"Start\",\"title_align\":\"top\",\"title_element\":\"h3\",\"title_grid_breakpoint\":\"m\",\"title_grid_width\":\"1-2\",\"title_hover_style\":\"reset\"}},{\"type\":\"icon\",\"props\":{\"icon\":\"arrow-down\",\"icon_width\":60,\"margin\":\"default\"}},{\"name\":\"Panel Style Card Primary\",\"type\":\"panel\",\"props\":{\"block_align\":\"center\",\"content\":\"\n\n<p><span>Die Zielgruppe ist aktiviert, ihre Energie ist freigesetzt und die Ver\\u00e4nderungspotentiale sind auf das Gesamtziel hin ausgerichtet. <\\\/span><\\\/p>\",\"content_column_breakpoint\":\"m\",\"content_margin\":\"small\",\"icon_width\":80,\"image\":\"\",\"image_align\":\"top\",\"image_grid_breakpoint\":\"m\",\"image_grid_width\":\"1-2\",\"image_height\":\"50\",\"image_svg_color\":\"emphasis\",\"image_svg_inline\":true,\"image_width\":\"50\",\"link_style\":\"default\",\"link_text\":\"Read more\",\"margin\":\"default\",\"meta\":\"Basis\",\"meta_align\":\"above-title\",\"meta_color\":\"primary\",\"meta_element\":\"div\",\"meta_style\":\"text-meta\",\"panel_card_image\":false,\"panel_padding\":\"default\",\"panel_style\":\"tile-muted\",\"title\":\"Mobilisierung\",\"title_align\":\"top\",\"title_element\":\"h3\",\"title_grid_breakpoint\":\"m\",\"title_grid_width\":\"1-2\",\"title_hover_style\":\"reset\"}},{\"type\":\"icon\",\"props\":{\"icon\":\"arrow-down\",\"icon_width\":60,\"margin\":\"default\"}},{\"name\":\"Panel Style Card Primary\",\"type\":\"panel\",\"props\":{\"block_align\":\"center\",\"content\":\"\n\n<p><span>Die Ideen der Basis sind ausgewertet. <br \\\/>Die Umsetzungsschritte sind erarbeitet.<br \\\/><\\\/span><span>Sie werden schnell sicht- und f\\u00fchlbar umgesetzt.<\\\/span><\\\/p>\",\"content_column_breakpoint\":\"m\",\"content_margin\":\"small\",\"icon_width\":80,\"image\":\"\",\"image_align\":\"top\",\"image_grid_breakpoint\":\"m\",\"image_grid_width\":\"1-2\",\"image_height\":\"50\",\"image_svg_color\":\"emphasis\",\"image_svg_inline\":true,\"image_width\":\"50\",\"link_style\":\"default\",\"link_text\":\"Read more\",\"margin\":\"default\",\"meta\":\"Alle\",\"meta_align\":\"above-title\",\"meta_color\":\"primary\",\"meta_element\":\"div\",\"meta_style\":\"text-meta\",\"panel_card_image\":false,\"panel_padding\":\"default\",\"panel_style\":\"tile-muted\",\"title\":\"Umsetzung & Absicherung\",\"title_align\":\"top\",\"title_element\":\"h3\",\"title_grid_breakpoint\":\"m\",\"title_grid_width\":\"1-2\",\"title_hover_style\":\"reset\"}}]}]}]}],\"version\":\"4.5.33\"} --><\/p>\n","protected":false},"excerpt":{"rendered":"<p>Begleitung in Transformationssituationen Systemische Ver\u00e4nderungsarbeit bindet von Anfang an alle ein, die eingebunden werden m\u00fcssen, damit die Ver\u00e4nderung ein Erfolg wird. Wir begleiten den \u201cHuman Change\u201c und stellen sicher, dass alle im Boot sind! Ver\u00e4nderung zu gestalten hei\u00dft, alle mitzunehmen, die mitgenommen werden m\u00fcssen! Dabei gehen wir in vier Phasen vor: Konzeption Entscheider:innen Das Ziel [&hellip;]<\/p>\n","protected":false},"author":1,"featured_media":0,"parent":0,"menu_order":0,"comment_status":"closed","ping_status":"closed","template":"","meta":{"_acf_changed":false,"footnotes":""},"class_list":["post-2105","page","type-page","status-publish","hentry"],"acf":[],"_links":{"self":[{"href":"https:\/\/www.goebel-ob.de\/index.php?rest_route=\/wp\/v2\/pages\/2105","targetHints":{"allow":["GET"]}}],"collection":[{"href":"https:\/\/www.goebel-ob.de\/index.php?rest_route=\/wp\/v2\/pages"}],"about":[{"href":"https:\/\/www.goebel-ob.de\/index.php?rest_route=\/wp\/v2\/types\/page"}],"author":[{"embeddable":true,"href":"https:\/\/www.goebel-ob.de\/index.php?rest_route=\/wp\/v2\/users\/1"}],"replies":[{"embeddable":true,"href":"https:\/\/www.goebel-ob.de\/index.php?rest_route=%2Fwp%2Fv2%2Fcomments&post=2105"}],"version-history":[{"count":29,"href":"https:\/\/www.goebel-ob.de\/index.php?rest_route=\/wp\/v2\/pages\/2105\/revisions"}],"predecessor-version":[{"id":2327,"href":"https:\/\/www.goebel-ob.de\/index.php?rest_route=\/wp\/v2\/pages\/2105\/revisions\/2327"}],"wp:attachment":[{"href":"https:\/\/www.goebel-ob.de\/index.php?rest_route=%2Fwp%2Fv2%2Fmedia&parent=2105"}],"curies":[{"name":"wp","href":"https:\/\/api.w.org\/{rel}","templated":true}]}}