{"id":2106,"date":"2025-12-11T21:22:05","date_gmt":"2025-12-11T21:22:05","guid":{"rendered":"https:\/\/www.goebel-ob.de\/?page_id=2106"},"modified":"2025-12-19T08:53:31","modified_gmt":"2025-12-19T08:53:31","slug":"qualifizierung-training","status":"publish","type":"page","link":"https:\/\/www.goebel-ob.de\/?page_id=2106","title":{"rendered":"Qualifizierung"},"content":{"rendered":"<h2><span>Unser Qualifizierungs-Fokus<\/span><span><\/span><\/p>\n<p><span><\/span><\/h2>\n<div>\n<p>Wir trainieren zu Themen rund um die \u201eGestaltung von Kommunikation in und zwischen Gruppen im Berufsleben&#8220;.<\/p>\n<p>Damit f\u00f6rdern wir die Entwicklung von sozialen, methodischen und pers\u00f6nlichen Kompetenzen von F\u00fchrungskr\u00e4ften und Mitarbeitenden in ihren beruflichen Lebenswelten.<\/p>\n<\/div>\n<p><img decoding=\"async\" src=\"\/wp-content\/uploads\/2025\/12\/kommunikation.svg\" alt=\"\"><\/p>\n<ul>\n<li>\n<h3>Ich vor Dir\/Euch<\/h3>\n<div>\n<ul>\n<li>Erfolgreich pr\u00e4sentieren<\/li>\n<li>Lampenfieber managen<\/li>\n<li>Zielgruppenorientiert vortragen<\/li>\n<li>\u00dcberzeugend argumentieren<\/li>\n<\/ul>\n<\/div>\n<\/li>\n<li>\n<h3>Ich mir Dir<\/h3>\n<div>\n<ul>\n<li>Gespr\u00e4che f\u00fchren<\/li>\n<li>Konflikte bearbeiten<\/li>\n<li>Einw\u00e4nde und Vorw\u00e4nde behandeln<\/li>\n<li>Argumentativ \u00fcberzeugen<\/li>\n<li>Sich in unfairen Gespr\u00e4chs-situationen behaupten<\/li>\n<\/ul>\n<\/div>\n<\/li>\n<li>\n<h3>Wir gemeinsam<\/h3>\n<div>\n<ul>\n<li>Meetings &amp; Workshops moderieren<\/li>\n<li>Interaktion gestalten<\/li>\n<li>Strukturiert zusammenarbeiten<\/li>\n<li>Entscheidungen vorbereiten<\/li>\n<li>Miteinander lernen<\/li>\n<\/ul>\n<\/div>\n<\/li>\n<\/ul>\n<p><!--more--><br \/>\n<!-- {\"type\":\"layout\",\"children\":[{\"name\":\"Moderation\",\"type\":\"section\",\"props\":{\"animation\":\"slide-bottom-small\",\"image_position\":\"center-center\",\"image_size\":\"cover\",\"padding\":\"large\",\"style\":\"default\",\"title_breakpoint\":\"xl\",\"title_position\":\"top-left\",\"title_rotation\":\"left\",\"vertical_align\":\"\",\"width\":\"default\"},\"children\":[{\"type\":\"row\",\"props\":{\"column_gap\":\"large\",\"divider\":true,\"layout\":\"1-2,1-2\",\"row_gap\":\"large\"},\"children\":[{\"type\":\"column\",\"props\":{\"image_position\":\"center-center\",\"position_sticky_breakpoint\":\"m\",\"width_medium\":\"1-2\"},\"children\":[{\"type\":\"headline\",\"props\":{\"content\":\"<span>Unser Qualifizierungs-Fokus<\\\/span><span><\\\/span><br \\\/><br \\\/><span><\\\/span>\",\"title_element\":\"h2\",\"title_style\":\"h1\"}},{\"type\":\"divider\",\"props\":{\"divider_element\":\"div\",\"divider_style\":\"small\"}},{\"type\":\"text\",\"props\":{\"column_breakpoint\":\"m\",\"content\":\"\n\n<p>Wir trainieren zu Themen rund um die \\u201eGestaltung von Kommunikation in und zwischen Gruppen im Berufsleben\\\".<\\\/p>\\n\n\n<p>Damit f\\u00f6rdern wir die Entwicklung von sozialen, methodischen und pers\\u00f6nlichen Kompetenzen von F\\u00fchrungskr\\u00e4ften und Mitarbeitenden in ihren beruflichen Lebenswelten.<\\\/p>\",\"margin\":\"medium\"}}]},{\"type\":\"column\",\"props\":{\"image_position\":\"center-center\",\"position_sticky_breakpoint\":\"m\",\"width_medium\":\"1-2\"},\"children\":[{\"type\":\"popover\",\"props\":{\"background_image\":\"wp-content\\\/uploads\\\/2025\\\/12\\\/kommunikation.svg\",\"card_style\":\"default\",\"drop_mode\":\"hover\",\"drop_position\":\"top-center\",\"image_card_padding\":true,\"image_svg_color\":\"emphasis\",\"link_style\":\"default\",\"link_text\":\"Read more\",\"margin\":\"default\",\"meta_align\":\"below-title\",\"meta_element\":\"div\",\"meta_style\":\"text-meta\",\"show_content\":true,\"show_image\":true,\"show_link\":true,\"show_meta\":true,\"show_title\":true,\"title_element\":\"h3\",\"title_hover_style\":\"reset\"},\"children\":[{\"type\":\"popover_item\",\"props\":{\"content\":\"\n\n<ul>\\n\n\n<li>Erfolgreich pr\\u00e4sentieren<\\\/li>\\n\n\n<li>Lampenfieber managen<\\\/li>\\n\n\n<li>Zielgruppenorientiert vortragen<\\\/li>\\n\n\n<li>\\u00dcberzeugend argumentieren<\\\/li>\\n<\\\/ul>\",\"position_x\":\"51\",\"position_y\":\"17\",\"title\":\"Ich vor Dir\\\/Euch\"}},{\"type\":\"popover_item\",\"props\":{\"content\":\"\n\n<ul>\\n\n\n<li>Gespr\\u00e4che f\\u00fchren<\\\/li>\\n\n\n<li>Konflikte bearbeiten<\\\/li>\\n\n\n<li>Einw\\u00e4nde und Vorw\\u00e4nde behandeln<\\\/li>\\n\n\n<li>Argumentativ \\u00fcberzeugen<\\\/li>\\n\n\n<li>Sich in unfairen Gespr\\u00e4chs-situationen behaupten<\\\/li>\\n<\\\/ul>\",\"position_x\":\"29\",\"position_y\":\"76\",\"title\":\"Ich mir Dir\"}},{\"type\":\"popover_item\",\"props\":{\"content\":\"\n\n<ul>\\n\n\n<li>Meetings &amp; Workshops moderieren<\\\/li>\\n\n\n<li>Interaktion gestalten<\\\/li>\\n\n\n<li>Strukturiert zusammenarbeiten<\\\/li>\\n\n\n<li>Entscheidungen vorbereiten<\\\/li>\\n\n\n<li>Miteinander lernen<\\\/li>\\n<\\\/ul>\",\"position_x\":\"77\",\"position_y\":\"76\",\"title\":\"Wir gemeinsam\"}}]}]}]}]}],\"version\":\"4.5.33\"} --><\/p>\n","protected":false},"excerpt":{"rendered":"<p>Unser Qualifizierungs-Fokus Wir trainieren zu Themen rund um die \u201eGestaltung von Kommunikation in und zwischen Gruppen im Berufsleben&#8220;. Damit f\u00f6rdern wir die Entwicklung von sozialen, methodischen und pers\u00f6nlichen Kompetenzen von F\u00fchrungskr\u00e4ften und Mitarbeitenden in ihren beruflichen Lebenswelten. Ich vor Dir\/Euch Erfolgreich pr\u00e4sentieren Lampenfieber managen Zielgruppenorientiert vortragen \u00dcberzeugend argumentieren Ich mir Dir Gespr\u00e4che f\u00fchren Konflikte bearbeiten [&hellip;]<\/p>\n","protected":false},"author":1,"featured_media":0,"parent":0,"menu_order":0,"comment_status":"closed","ping_status":"closed","template":"","meta":{"_acf_changed":false,"footnotes":""},"class_list":["post-2106","page","type-page","status-publish","hentry"],"acf":[],"_links":{"self":[{"href":"https:\/\/www.goebel-ob.de\/index.php?rest_route=\/wp\/v2\/pages\/2106","targetHints":{"allow":["GET"]}}],"collection":[{"href":"https:\/\/www.goebel-ob.de\/index.php?rest_route=\/wp\/v2\/pages"}],"about":[{"href":"https:\/\/www.goebel-ob.de\/index.php?rest_route=\/wp\/v2\/types\/page"}],"author":[{"embeddable":true,"href":"https:\/\/www.goebel-ob.de\/index.php?rest_route=\/wp\/v2\/users\/1"}],"replies":[{"embeddable":true,"href":"https:\/\/www.goebel-ob.de\/index.php?rest_route=%2Fwp%2Fv2%2Fcomments&post=2106"}],"version-history":[{"count":9,"href":"https:\/\/www.goebel-ob.de\/index.php?rest_route=\/wp\/v2\/pages\/2106\/revisions"}],"predecessor-version":[{"id":2260,"href":"https:\/\/www.goebel-ob.de\/index.php?rest_route=\/wp\/v2\/pages\/2106\/revisions\/2260"}],"wp:attachment":[{"href":"https:\/\/www.goebel-ob.de\/index.php?rest_route=%2Fwp%2Fv2%2Fmedia&parent=2106"}],"curies":[{"name":"wp","href":"https:\/\/api.w.org\/{rel}","templated":true}]}}