{"id":2107,"date":"2025-12-11T21:21:42","date_gmt":"2025-12-11T21:21:42","guid":{"rendered":"https:\/\/www.goebel-ob.de\/?page_id=2107"},"modified":"2025-12-27T11:29:09","modified_gmt":"2025-12-27T11:29:09","slug":"workshop-moderation","status":"publish","type":"page","link":"https:\/\/www.goebel-ob.de\/?page_id=2107","title":{"rendered":"Moderation"},"content":{"rendered":"<h2><span>Moderation von schwierigen Workshops &amp; Klausuren<\/span><span><\/span><\/h2>\n<div>\n<p>Gute Moderation ist nach wie vor DER Schl\u00fcsselfaktor f\u00fcr nachhaltige Ver\u00e4nderung.<\/p>\n<p>Wir moderieren Ihre Sachthemen und Teamentwicklungsvorhaben in kleinen und gro\u00dfen Gruppen nach dem Motto: \u00a0Zukunft gemeinsam gestalten!<\/p>\n<p>Dabei zielt unser Moderations-Stil darauf ab, Zeit zu sparen, strukturiert vorzugehen und eindeutige Ergebnisse zu erzielen, die den Erfolg \u201egarantieren\u201c und von allen Teilnehmenden mitgetragen werden.<\/p>\n<\/div>\n<p><img decoding=\"async\" src=\"\/wp-content\/uploads\/2025\/12\/Moderation.svg\" alt=\"\"><\/p>\n<p><!--more--><br \/>\n<!-- {\"type\":\"layout\",\"children\":[{\"name\":\"Moderation\",\"type\":\"section\",\"props\":{\"animation\":\"slide-bottom-small\",\"image_position\":\"center-center\",\"image_size\":\"cover\",\"padding\":\"large\",\"style\":\"default\",\"title_breakpoint\":\"xl\",\"title_position\":\"top-left\",\"title_rotation\":\"left\",\"vertical_align\":\"\",\"width\":\"default\"},\"children\":[{\"type\":\"row\",\"props\":{\"column_gap\":\"large\",\"divider\":true,\"layout\":\"1-2,1-2\",\"row_gap\":\"large\"},\"children\":[{\"type\":\"column\",\"props\":{\"image_position\":\"center-center\",\"position_sticky_breakpoint\":\"m\",\"width_medium\":\"1-2\"},\"children\":[{\"type\":\"headline\",\"props\":{\"content\":\"<span>Moderation von schwierigen Workshops &amp; Klausuren<\\\/span><span><\\\/span>\",\"title_element\":\"h2\",\"title_style\":\"h1\"}},{\"type\":\"divider\",\"props\":{\"divider_element\":\"div\",\"divider_style\":\"small\"}},{\"type\":\"text\",\"props\":{\"column_breakpoint\":\"m\",\"content\":\"\n\n<p>Gute Moderation ist nach wie vor DER Schl\\u00fcsselfaktor f\\u00fcr nachhaltige Ver\\u00e4nderung.<\\\/p>\\n\n\n<p>Wir moderieren Ihre Sachthemen und Teamentwicklungsvorhaben in kleinen und gro\\u00dfen Gruppen nach dem Motto: \\u00a0Zukunft gemeinsam gestalten!<\\\/p>\\n\n\n<p>Dabei zielt unser Moderations-Stil darauf ab, Zeit zu sparen, strukturiert vorzugehen und eindeutige Ergebnisse zu erzielen, die den Erfolg \\u201egarantieren\\u201c und von allen Teilnehmenden mitgetragen werden.<\\\/p>\",\"margin\":\"medium\"}}]},{\"type\":\"column\",\"props\":{\"image_position\":\"center-center\",\"position_sticky_breakpoint\":\"m\",\"width_medium\":\"1-2\"},\"children\":[{\"type\":\"image\",\"props\":{\"image\":\"wp-content\\\/uploads\\\/2025\\\/12\\\/Moderation.svg\",\"image_svg_color\":\"emphasis\",\"margin\":\"default\"}}]}]}]}],\"version\":\"4.5.33\"} --><\/p>\n","protected":false},"excerpt":{"rendered":"<p>Moderation von schwierigen Workshops &amp; Klausuren Gute Moderation ist nach wie vor DER Schl\u00fcsselfaktor f\u00fcr nachhaltige Ver\u00e4nderung. Wir moderieren Ihre Sachthemen und Teamentwicklungsvorhaben in kleinen und gro\u00dfen Gruppen nach dem Motto: \u00a0Zukunft gemeinsam gestalten! Dabei zielt unser Moderations-Stil darauf ab, Zeit zu sparen, strukturiert vorzugehen und eindeutige Ergebnisse zu erzielen, die den Erfolg \u201egarantieren\u201c und [&hellip;]<\/p>\n","protected":false},"author":1,"featured_media":0,"parent":0,"menu_order":0,"comment_status":"closed","ping_status":"closed","template":"","meta":{"_acf_changed":false,"footnotes":""},"class_list":["post-2107","page","type-page","status-publish","hentry"],"acf":[],"_links":{"self":[{"href":"https:\/\/www.goebel-ob.de\/index.php?rest_route=\/wp\/v2\/pages\/2107","targetHints":{"allow":["GET"]}}],"collection":[{"href":"https:\/\/www.goebel-ob.de\/index.php?rest_route=\/wp\/v2\/pages"}],"about":[{"href":"https:\/\/www.goebel-ob.de\/index.php?rest_route=\/wp\/v2\/types\/page"}],"author":[{"embeddable":true,"href":"https:\/\/www.goebel-ob.de\/index.php?rest_route=\/wp\/v2\/users\/1"}],"replies":[{"embeddable":true,"href":"https:\/\/www.goebel-ob.de\/index.php?rest_route=%2Fwp%2Fv2%2Fcomments&post=2107"}],"version-history":[{"count":24,"href":"https:\/\/www.goebel-ob.de\/index.php?rest_route=\/wp\/v2\/pages\/2107\/revisions"}],"predecessor-version":[{"id":2314,"href":"https:\/\/www.goebel-ob.de\/index.php?rest_route=\/wp\/v2\/pages\/2107\/revisions\/2314"}],"wp:attachment":[{"href":"https:\/\/www.goebel-ob.de\/index.php?rest_route=%2Fwp%2Fv2%2Fmedia&parent=2107"}],"curies":[{"name":"wp","href":"https:\/\/api.w.org\/{rel}","templated":true}]}}