{"id":2108,"date":"2025-12-11T21:22:35","date_gmt":"2025-12-11T21:22:35","guid":{"rendered":"https:\/\/www.goebel-ob.de\/?page_id=2108"},"modified":"2025-12-27T13:20:01","modified_gmt":"2025-12-27T13:20:01","slug":"coaching","status":"publish","type":"page","link":"https:\/\/www.goebel-ob.de\/?page_id=2108","title":{"rendered":"Coaching"},"content":{"rendered":"<h2><span>Coaching und Mentoring<\/span><\/h2>\n<div>\n<p><span>Der Fokus unseres Coaching-Ansatzes liegt auf der F\u00f6rderung von Selbstreflexion, Eigenverantwortung und nachhaltiger Verhaltens\u00e4nderung. Unsere Coaches fungieren dabei als Wegbegleiter und bewahren in jeder Phase des Prozesses die Selbstst\u00e4ndigkeit des Coachees bei der Entwicklung des passenden Weges zur Zielerreichung.<\/span><\/p>\n<p><strong>Unsere Coachings zeichnen sich aus durch:<\/strong><\/p>\n<ul>\n<li><span>eine klare Zielorientierung,<\/span><\/li>\n<li><span>die F\u00f6rderung der Selbstreflexion des Coachees,<\/span><\/li>\n<li><span>die Entwicklung vorhandener\/schlummernder Potentiale<\/span><\/li>\n<\/ul>\n<p><span>\u2026 und erm\u00f6glichen so nachhaltige Ver\u00e4nderung<\/span><span><\/span><\/p>\n<\/div>\n<p><img decoding=\"async\" src=\"\/wp-content\/uploads\/2025\/12\/coaching.jpeg\" alt=\"\"><\/p>\n<p><!--more--><br \/>\n<!-- {\"type\":\"layout\",\"children\":[{\"name\":\"Moderation\",\"type\":\"section\",\"props\":{\"animation\":\"slide-bottom-small\",\"image_position\":\"center-center\",\"image_size\":\"cover\",\"padding\":\"large\",\"style\":\"default\",\"title_breakpoint\":\"xl\",\"title_position\":\"top-left\",\"title_rotation\":\"left\",\"vertical_align\":\"\",\"width\":\"default\"},\"children\":[{\"type\":\"row\",\"props\":{\"column_gap\":\"large\",\"divider\":true,\"layout\":\"1-2,1-2\",\"row_gap\":\"large\"},\"children\":[{\"type\":\"column\",\"props\":{\"image_position\":\"center-center\",\"position_sticky_breakpoint\":\"m\",\"width_medium\":\"1-2\"},\"children\":[{\"type\":\"headline\",\"props\":{\"content\":\"<span>Coaching und Mentoring<\\\/span>\",\"title_element\":\"h2\",\"title_style\":\"h1\"}},{\"type\":\"divider\",\"props\":{\"divider_element\":\"div\",\"divider_style\":\"small\"}},{\"type\":\"text\",\"props\":{\"column_breakpoint\":\"m\",\"content\":\"\n\n<p><span>Der Fokus unseres Coaching-Ansatzes liegt auf der F\\u00f6rderung von Selbstreflexion, Eigenverantwortung und nachhaltiger Verhaltens\\u00e4nderung. Unsere Coaches fungieren dabei als Wegbegleiter und bewahren in jeder Phase des Prozesses die Selbstst\\u00e4ndigkeit des Coachees bei der Entwicklung des passenden Weges zur Zielerreichung.<\\\/span><\\\/p>\\n\n\n<p><strong>Unsere Coachings zeichnen sich aus durch:<\\\/strong><\\\/p>\\n\n\n<ul>\\n\n\n<li><span>eine klare Zielorientierung,<\\\/span><\\\/li>\\n\n\n<li><span>die F\\u00f6rderung der Selbstreflexion des Coachees,<\\\/span><\\\/li>\\n\n\n<li><span>die Entwicklung vorhandener\\\/schlummernder Potentiale<\\\/span><\\\/li>\\n<\\\/ul>\\n\n\n<p><span>\\u2026 und erm\\u00f6glichen so nachhaltige Ver\\u00e4nderung<\\\/span><span><\\\/span><\\\/p>\",\"margin\":\"medium\"}}]},{\"type\":\"column\",\"props\":{\"image_position\":\"center-center\",\"position_sticky_breakpoint\":\"m\",\"width_medium\":\"1-2\"},\"children\":[{\"type\":\"image\",\"props\":{\"image\":\"wp-content\\\/uploads\\\/2025\\\/12\\\/coaching.jpeg\",\"image_svg_color\":\"emphasis\",\"margin\":\"default\"}}]}]}]}],\"version\":\"4.5.33\"} --><\/p>\n","protected":false},"excerpt":{"rendered":"<p>Coaching und Mentoring Der Fokus unseres Coaching-Ansatzes liegt auf der F\u00f6rderung von Selbstreflexion, Eigenverantwortung und nachhaltiger Verhaltens\u00e4nderung. Unsere Coaches fungieren dabei als Wegbegleiter und bewahren in jeder Phase des Prozesses die Selbstst\u00e4ndigkeit des Coachees bei der Entwicklung des passenden Weges zur Zielerreichung. Unsere Coachings zeichnen sich aus durch: eine klare Zielorientierung, die F\u00f6rderung der Selbstreflexion [&hellip;]<\/p>\n","protected":false},"author":1,"featured_media":0,"parent":0,"menu_order":0,"comment_status":"closed","ping_status":"closed","template":"","meta":{"_acf_changed":false,"footnotes":""},"class_list":["post-2108","page","type-page","status-publish","hentry"],"acf":[],"_links":{"self":[{"href":"https:\/\/www.goebel-ob.de\/index.php?rest_route=\/wp\/v2\/pages\/2108","targetHints":{"allow":["GET"]}}],"collection":[{"href":"https:\/\/www.goebel-ob.de\/index.php?rest_route=\/wp\/v2\/pages"}],"about":[{"href":"https:\/\/www.goebel-ob.de\/index.php?rest_route=\/wp\/v2\/types\/page"}],"author":[{"embeddable":true,"href":"https:\/\/www.goebel-ob.de\/index.php?rest_route=\/wp\/v2\/users\/1"}],"replies":[{"embeddable":true,"href":"https:\/\/www.goebel-ob.de\/index.php?rest_route=%2Fwp%2Fv2%2Fcomments&post=2108"}],"version-history":[{"count":5,"href":"https:\/\/www.goebel-ob.de\/index.php?rest_route=\/wp\/v2\/pages\/2108\/revisions"}],"predecessor-version":[{"id":2325,"href":"https:\/\/www.goebel-ob.de\/index.php?rest_route=\/wp\/v2\/pages\/2108\/revisions\/2325"}],"wp:attachment":[{"href":"https:\/\/www.goebel-ob.de\/index.php?rest_route=%2Fwp%2Fv2%2Fmedia&parent=2108"}],"curies":[{"name":"wp","href":"https:\/\/api.w.org\/{rel}","templated":true}]}}