{"id":2110,"date":"2025-12-11T21:22:23","date_gmt":"2025-12-11T21:22:23","guid":{"rendered":"https:\/\/www.goebel-ob.de\/?page_id=2110"},"modified":"2025-12-27T11:37:15","modified_gmt":"2025-12-27T11:37:15","slug":"kontakt","status":"publish","type":"page","link":"https:\/\/www.goebel-ob.de\/?page_id=2110","title":{"rendered":"Kontakt"},"content":{"rendered":"<h1>Kontakt<\/h1>\n<div>\n<p><strong>G\u00f6bel Organisationsberatung<br \/><\/strong>Bergweg 3<br \/><span>09306 Erlau<\/span><\/p>\n<p><span>+49 173-7373252<\/span><\/p>\n<p><span><a href=\"mailto:mail@drgoebel-oe.de\">mail@goebel-ob.de<\/a><\/span><span><\/span><\/p>\n<\/div>\n<h2>Unser Team<\/h2>\n<div>\n<p>    <img decoding=\"async\" src=\"\/wp-content\/uploads\/2025\/12\/0001_1.jpg\" alt=\"\"><\/p>\n<h2>Dr. Heinz-Peter G\u00f6bel<\/h2>\n<p>+49 173 7373 252<\/p>\n<div>\n<p><span>Menschen k\u00f6nnen nur fokussiert zusammenwirken, wenn sie offen und fair miteinander kommunizieren. Dabei zu unterst\u00fctzen, ist meine Passion.<\/span><\/p>\n<\/div>\n<p><a href=\"mailto:heinz-peter@goebel-ob.de\">E-Mail<\/a><\/p>\n<\/div>\n<ul>\n<li><a href=\"https:\/\/www.xing.com\/profile\/HeinzPeter_Goebel\">xing<\/a>\n<\/li>\n<li><a href=\"https:\/\/www.linkedin.com\/in\/dr-heinz-peter-g\u00f6bel-47404216\/\">linkedin<\/a>\n<\/li>\n<\/ul>\n<div>\n<p>    <img decoding=\"async\" src=\"\/wp-content\/uploads\/2025\/12\/0000_2.jpg\" alt=\"\"><\/p>\n<h2>Katja G\u00f6bel<\/h2>\n<p>+49 173 7373969 <\/p>\n<div>\n<p><span>F\u00fchrungskr\u00e4fte brauchen gutes Handwerkszeug. <br \/><\/span><span>Das zu vermitteln ist f\u00fcr mich eine Herzensangelegenheit.<\/span><\/p>\n<\/div>\n<p><a href=\"mailto:katja@goebel-ob.de\">E-Mail<\/a><\/p>\n<\/div>\n<ul>\n<li><a href=\"https:\/\/www.xing.com\/profile\/Katja_Goebel12\">xing<\/a>\n<\/li>\n<li><a href=\"https:\/\/www.linkedin.com\/in\/katja-g\u00f6bel-bb8454359\/\">linkedin<\/a>\n<\/li>\n<\/ul>\n<p><!--more--><br \/>\n<!-- {\"type\":\"layout\",\"children\":[{\"type\":\"section\",\"props\":{\"image_position\":\"center-center\",\"style\":\"default\",\"title_breakpoint\":\"xl\",\"title_position\":\"top-left\",\"title_rotation\":\"left\",\"vertical_align\":\"middle\",\"width\":\"default\"},\"children\":[{\"type\":\"row\",\"children\":[{\"type\":\"column\",\"props\":{\"image_position\":\"center-center\",\"position_sticky_breakpoint\":\"m\"},\"children\":[{\"type\":\"headline\",\"props\":{\"content\":\"Kontakt\",\"title_element\":\"h1\"}},{\"type\":\"text\",\"props\":{\"column_breakpoint\":\"m\",\"content\":\"\n\n<p><strong>G\\u00f6bel Organisationsberatung<br \\\/><\\\/strong>Bergweg 3<br \\\/><span>09306 Erlau<\\\/span><\\\/p>\\n\n\n<p><span>+49 173-7373252<\\\/span><\\\/p>\\n\n\n<p><span><a href=\\\"mailto:mail@drgoebel-oe.de\\\">mail@goebel-ob.de<\\\/a><\\\/span><span><\\\/span><\\\/p>\",\"margin\":\"default\"}}]}]}]},{\"name\":\"Team\",\"type\":\"section\",\"props\":{\"animation\":\"fade\",\"image_position\":\"center-center\",\"image_size\":\"cover\",\"overlap\":true,\"padding\":\"small\",\"style\":\"muted\",\"title_breakpoint\":\"xl\",\"title_position\":\"top-left\",\"title_rotation\":\"left\",\"vertical_align\":\"\",\"width\":\"default\"},\"children\":[{\"type\":\"row\",\"children\":[{\"type\":\"column\",\"props\":{\"image_position\":\"center-center\",\"position_sticky_breakpoint\":\"m\",\"width_medium\":\"1-1\"},\"children\":[{\"type\":\"headline\",\"props\":{\"content\":\"Unser Team\",\"text_align\":\"left\",\"text_align_breakpoint\":\"m\",\"text_align_fallback\":\"center\",\"title_element\":\"h2\",\"title_style\":\"h5\"}},{\"type\":\"divider\",\"props\":{\"divider_align\":\"left\",\"divider_align_breakpoint\":\"m\",\"divider_align_fallback\":\"center\",\"divider_element\":\"div\",\"divider_style\":\"small\"}}]}]},{\"type\":\"row\",\"children\":[{\"type\":\"column\",\"props\":{\"image_position\":\"center-center\",\"position_sticky_breakpoint\":\"m\",\"width_medium\":\"1-2\"},\"children\":[{\"type\":\"grid\",\"props\":{\"content_column_breakpoint\":\"m\",\"filter_align\":\"left\",\"filter_all\":true,\"filter_grid_breakpoint\":\"m\",\"filter_grid_width\":\"auto\",\"filter_position\":\"top\",\"filter_style\":\"tab\",\"grid_default\":\"1\",\"grid_medium\":\"1\",\"icon_width\":80,\"image_align\":\"left\",\"image_grid_breakpoint\":\"\",\"image_grid_width\":\"2-5\",\"image_link\":false,\"image_loading\":true,\"image_svg_color\":\"emphasis\",\"image_vertical_align\":true,\"item_animation\":true,\"lightbox_bg_close\":true,\"link_margin\":\"medium\",\"link_size\":\"small\",\"link_style\":\"primary\",\"link_text\":\"E-Mail\",\"margin\":\"default\",\"meta_align\":\"below-title\",\"meta_color\":\"primary\",\"meta_element\":\"div\",\"meta_margin\":\"small\",\"meta_style\":\"h6\",\"panel_expand\":\"image\",\"panel_image_no_padding\":true,\"panel_link\":true,\"panel_link_hover\":\"true\",\"panel_padding\":\"default\",\"panel_style\":\"card-default\",\"parallax_easing\":\"1\",\"position\":\"relative\",\"position_z_index\":\"1\",\"show_content\":true,\"show_hover_image\":true,\"show_hover_video\":true,\"show_image\":true,\"show_link\":true,\"show_meta\":true,\"show_title\":true,\"show_video\":true,\"title_align\":\"top\",\"title_element\":\"h2\",\"title_grid_breakpoint\":\"m\",\"title_grid_width\":\"1-2\",\"title_hover_style\":\"reset\",\"title_link\":false,\"title_style\":\"h3\"},\"children\":[{\"type\":\"grid_item\",\"props\":{\"content\":\"\n\n<p><span>Menschen k\\u00f6nnen nur fokussiert zusammenwirken, wenn sie offen und fair miteinander kommunizieren. Dabei zu unterst\\u00fctzen, ist meine Passion.<\\\/span><\\\/p>\",\"image\":\"wp-content\\\/uploads\\\/2025\\\/12\\\/0001_1.jpg\",\"link\":\"mailto:heinz-peter@goebel-ob.de\",\"meta\":\"+49 173 7373 252\",\"title\":\"Dr. Heinz-Peter G\\u00f6bel\"}}],\"modified\":\"2021-07-27T08:22:49.412Z\"},{\"name\":\"Social Style Default\",\"type\":\"social\",\"children\":[{\"type\":\"social_item\",\"props\":{\"icon\":\"xing\",\"link\":\"https:\\\/\\\/www.xing.com\\\/profile\\\/HeinzPeter_Goebel\"}},{\"type\":\"social_item\",\"props\":{\"icon\":\"linkedin\",\"link\":\"https:\\\/\\\/www.linkedin.com\\\/in\\\/dr-heinz-peter-g\\u00f6bel-47404216\\\/\"}}],\"props\":{\"grid\":\"horizontal\",\"grid_column_gap\":\"small\",\"grid_row_gap\":\"small\",\"image_svg_inline\":true,\"link_style\":\"\",\"margin\":\"default\"}}]},{\"type\":\"column\",\"props\":{\"image_position\":\"center-center\",\"position_sticky_breakpoint\":\"m\",\"width_medium\":\"1-2\"},\"children\":[{\"type\":\"grid\",\"props\":{\"content_column_breakpoint\":\"m\",\"filter_align\":\"left\",\"filter_all\":true,\"filter_grid_breakpoint\":\"m\",\"filter_grid_width\":\"auto\",\"filter_position\":\"top\",\"filter_style\":\"tab\",\"grid_default\":\"1\",\"grid_medium\":\"1\",\"icon_width\":80,\"image_align\":\"left\",\"image_grid_breakpoint\":\"\",\"image_grid_width\":\"2-5\",\"image_link\":false,\"image_loading\":true,\"image_svg_color\":\"emphasis\",\"image_vertical_align\":true,\"item_animation\":true,\"lightbox_bg_close\":true,\"link_margin\":\"medium\",\"link_size\":\"small\",\"link_style\":\"primary\",\"link_text\":\"E-Mail\",\"margin\":\"default\",\"meta_align\":\"below-title\",\"meta_color\":\"primary\",\"meta_element\":\"div\",\"meta_margin\":\"small\",\"meta_style\":\"h6\",\"panel_expand\":\"image\",\"panel_image_no_padding\":true,\"panel_link\":true,\"panel_link_hover\":\"true\",\"panel_padding\":\"default\",\"panel_style\":\"card-default\",\"parallax_easing\":\"1\",\"position\":\"relative\",\"position_z_index\":\"1\",\"show_content\":true,\"show_hover_image\":true,\"show_hover_video\":true,\"show_image\":true,\"show_link\":true,\"show_meta\":true,\"show_title\":true,\"show_video\":true,\"title_align\":\"top\",\"title_element\":\"h2\",\"title_grid_breakpoint\":\"m\",\"title_grid_width\":\"1-2\",\"title_hover_style\":\"reset\",\"title_link\":false,\"title_style\":\"h3\"},\"children\":[{\"type\":\"grid_item\",\"props\":{\"content\":\"\n\n<p><span>F\\u00fchrungskr\\u00e4fte brauchen gutes Handwerkszeug. <br \\\/><\\\/span><span>Das zu vermitteln ist f\\u00fcr mich eine Herzensangelegenheit.<\\\/span><\\\/p>\",\"image\":\"wp-content\\\/uploads\\\/2025\\\/12\\\/0000_2.jpg\",\"link\":\"mailto:katja@goebel-ob.de\",\"meta\":\"+49 173 7373969 \",\"title\":\"Katja G\\u00f6bel\"}}],\"modified\":\"2021-07-27T08:22:49.412Z\"},{\"name\":\"Social Style Default\",\"type\":\"social\",\"children\":[{\"type\":\"social_item\",\"props\":{\"icon\":\"xing\",\"link\":\"https:\\\/\\\/www.xing.com\\\/profile\\\/Katja_Goebel12\"}},{\"type\":\"social_item\",\"props\":{\"icon\":\"linkedin\",\"link\":\"https:\\\/\\\/www.linkedin.com\\\/in\\\/katja-g\\u00f6bel-bb8454359\\\/\"}}],\"props\":{\"grid\":\"horizontal\",\"grid_column_gap\":\"small\",\"grid_row_gap\":\"small\",\"image_svg_inline\":true,\"link_style\":\"\",\"margin\":\"default\"}}]}],\"props\":{\"layout\":\"1-2,1-2\"}}]}],\"version\":\"4.5.33\"} --><\/p>\n","protected":false},"excerpt":{"rendered":"<p>Kontakt G\u00f6bel OrganisationsberatungBergweg 309306 Erlau +49 173-7373252 mail@goebel-ob.de Unser Team Dr. Heinz-Peter G\u00f6bel +49 173 7373 252 Menschen k\u00f6nnen nur fokussiert zusammenwirken, wenn sie offen und fair miteinander kommunizieren. Dabei zu unterst\u00fctzen, ist meine Passion. E-Mail xing linkedin Katja G\u00f6bel +49 173 7373969 F\u00fchrungskr\u00e4fte brauchen gutes Handwerkszeug. Das zu vermitteln ist f\u00fcr mich eine Herzensangelegenheit. [&hellip;]<\/p>\n","protected":false},"author":1,"featured_media":0,"parent":0,"menu_order":0,"comment_status":"closed","ping_status":"closed","template":"","meta":{"_acf_changed":false,"footnotes":""},"class_list":["post-2110","page","type-page","status-publish","hentry"],"acf":[],"_links":{"self":[{"href":"https:\/\/www.goebel-ob.de\/index.php?rest_route=\/wp\/v2\/pages\/2110","targetHints":{"allow":["GET"]}}],"collection":[{"href":"https:\/\/www.goebel-ob.de\/index.php?rest_route=\/wp\/v2\/pages"}],"about":[{"href":"https:\/\/www.goebel-ob.de\/index.php?rest_route=\/wp\/v2\/types\/page"}],"author":[{"embeddable":true,"href":"https:\/\/www.goebel-ob.de\/index.php?rest_route=\/wp\/v2\/users\/1"}],"replies":[{"embeddable":true,"href":"https:\/\/www.goebel-ob.de\/index.php?rest_route=%2Fwp%2Fv2%2Fcomments&post=2110"}],"version-history":[{"count":6,"href":"https:\/\/www.goebel-ob.de\/index.php?rest_route=\/wp\/v2\/pages\/2110\/revisions"}],"predecessor-version":[{"id":2319,"href":"https:\/\/www.goebel-ob.de\/index.php?rest_route=\/wp\/v2\/pages\/2110\/revisions\/2319"}],"wp:attachment":[{"href":"https:\/\/www.goebel-ob.de\/index.php?rest_route=%2Fwp%2Fv2%2Fmedia&parent=2110"}],"curies":[{"name":"wp","href":"https:\/\/api.w.org\/{rel}","templated":true}]}}